{"id":2308,"date":"2020-10-26T18:58:40","date_gmt":"2020-10-26T18:58:40","guid":{"rendered":"http:\/\/fahrrad-familie-outdoor.com\/?page_id=2308"},"modified":"2020-10-26T18:58:40","modified_gmt":"2020-10-26T18:58:40","slug":"erfahrungsbericht-nabenschaltung-rohloff-speedhub-500","status":"publish","type":"page","link":"http:\/\/fahrrad-familie-outdoor.com\/?page_id=2308","title":{"rendered":"Erfahrungsbericht \u2013 Nabenschaltung Rohloff SPEEDHUB 500"},"content":{"rendered":"<p><strong>Okay, ich gestehe hiermit offiziell, dass ich keine Ahnung von Fahrr\u00e4dern und dessen Zubeh\u00f6r habe! Gut, vielleicht nicht zu 100 Prozent aber sicher zu 95plus!<\/strong><br \/>\nBevor wir also unsere etwas ungew\u00f6hnliche <strong>Reise von Nord- nach S\u00fcdamerika<\/strong> mit dem Drahtesel (verzeiht mir bitte diese Wortwahl) planten, habe ich also die offenen Technikfragen, Fahrradauswahl und Zubeh\u00f6r meinem gro\u00dfartigen Mann \u00fcberlassen. Ich k\u00fcmmerte mich stattdessen um unseren frisch geschl\u00fcpften Sohnemann, seine gro\u00dfe Schwester und viele andere Details die so anfielen. Daher bekam ich nur so am Rande mit, auf was f\u00fcr einem Luxus-F\u00dcNF-Sterne-Prachtst\u00fcck ich meinen Popo zuk\u00fcnftig niederlassen w\u00fcrde. Ebenso bei dem <strong>Zubeh\u00f6r f\u00fcr dieses SUPER-Model von Patria<\/strong> bekam ich lediglich die Info von <strong>Manuel: \u201eDa kommt auf jeden Fall eine Rohloff rein, nix anderes!\u201c<\/strong> Das stand auch so ziemlich zu Beginn unserer Planung fest. Nachdem ich dann erfuhr, dass wir ohnehin schon ein Exemplar dieser Schaltung in einem unserer R\u00e4der verbaut haben, war ich beruhigt und <strong>doppelt \u00fcberzeugt<\/strong>. Als ich dann sogar bei der <strong>Farbwahl<\/strong> mit einbezogen wurde, war klar, dass wir <strong>mit leuchtend roter Rohloff SPEEDHUB Gangschaltung in Kanada starten<\/strong> w\u00fcrden. Jawohl, wenn es um Farbe geht, bin ich dabei und dann darf\u2019s auch gerne leuchten!! Doppelt, denn f\u00fcr Manuels PINO haben wir auch diese schicke Version verbauen lassen.<\/p>\n<style id=\"bwg-style-0\">    #bwg_container1_0 #bwg_container2_0 .bwg-container-0.bwg-standard-thumbnails {      width: 1254px;              justify-content: center;        margin:0 auto !important;              background-color: rgba(255, 255, 255, 0.00);            padding-left: 4px;      padding-top: 4px;      max-width: 100%;            }        #bwg_container1_0 #bwg_container2_0 .bwg-container-0.bwg-standard-thumbnails .bwg-item {    justify-content: flex-start;      max-width: 250px;          }    #bwg_container1_0 #bwg_container2_0 .bwg-container-0.bwg-standard-thumbnails .bwg-item a {       margin-right: 4px;       margin-bottom: 4px;    }    #bwg_container1_0 #bwg_container2_0 .bwg-container-0.bwg-standard-thumbnails .bwg-item0 {      padding: 0px;            background-color:rgba(0,0,0, 0.30);      border: 0px none #CCCCCC;      opacity: 1.00;      border-radius: 0;      box-shadow: ;    }    #bwg_container1_0 #bwg_container2_0 .bwg-container-0.bwg-standard-thumbnails .bwg-item1 img {      max-height: none;      max-width: none;      padding: 0 !important;    }         @media only screen and (min-width: 480px) {\t\t#bwg_container1_0 #bwg_container2_0 .bwg-container-0.bwg-standard-thumbnails .bwg-item1 img {\t\t\t-webkit-transition: all .3s; transition: all .3s;\t\t}\t\t#bwg_container1_0 #bwg_container2_0 .bwg-container-0.bwg-standard-thumbnails .bwg-item1 img:hover {\t\t\t-ms-transform: scale(1.08);\t\t\t-webkit-transform: scale(1.08);\t\t\ttransform: scale(1.08);\t\t}\t\t\t\t.bwg-standard-thumbnails .bwg-zoom-effect .bwg-zoom-effect-overlay {\t\t\t\t\t\tbackground-color:rgba(0,0,0, 0.3);\t\t}\t\t.bwg-standard-thumbnails .bwg-zoom-effect:hover img {\t\t\t-ms-transform: scale(1.08);\t\t\t-webkit-transform: scale(1.08);\t\t\ttransform: scale(1.08);\t\t}\t\t      }\t    #bwg_container1_0 #bwg_container2_0 .bwg-container-0.bwg-standard-thumbnails .bwg-item1 {      padding-top: 100%;    }        #bwg_container1_0 #bwg_container2_0 .bwg-container-0.bwg-standard-thumbnails .bwg-title1 {      position: absolute;      top: 0;      z-index: 100;      width: 100%;      height: 100%;      display: flex;      justify-content: center;      align-content: center;      flex-direction: column;      opacity: 0;    }\t      #bwg_container1_0 #bwg_container2_0 .bwg-container-0.bwg-standard-thumbnails .bwg-title2,    #bwg_container1_0 #bwg_container2_0 .bwg-container-0.bwg-standard-thumbnails .bwg-ecommerce2 {      color: #FFFFFF;      font-family: Ubuntu;      font-size: 16px;      font-weight: bold;      padding: 2px;      text-shadow: ;      max-height: 100%;    }    #bwg_container1_0 #bwg_container2_0 .bwg-container-0.bwg-standard-thumbnails .bwg-thumb-description span {    color: #323A45;    font-family: Ubuntu;    font-size: 12px;    max-height: 100%;    word-wrap: break-word;    }    #bwg_container1_0 #bwg_container2_0 .bwg-container-0.bwg-standard-thumbnails .bwg-play-icon2 {      font-size: 32px;    }    #bwg_container1_0 #bwg_container2_0 .bwg-container-0.bwg-standard-thumbnails .bwg-ecommerce2 {      font-size: 19.2px;      color: #323A45;    }    <\/style>    <div id=\"bwg_container1_0\"         class=\"bwg_container bwg_thumbnail bwg_thumbnails \"         data-right-click-protection=\"0\"         data-bwg=\"0\"         data-scroll=\"0\"         data-gallery-type=\"thumbnails\"         data-gallery-view-type=\"thumbnails\"         data-current-url=\"\/index.php?rest_route=%2Fwp%2Fv2%2Fpages%2F2308\"         data-lightbox-url=\"http:\/\/fahrrad-familie-outdoor.com\/wp-admin\/admin-ajax.php?action=GalleryBox&#038;current_view=0&#038;gallery_id=28&#038;tag=0&#038;theme_id=1&#038;shortcode_id=66&#038;sort_by=filename&#038;order_by=asc&#038;current_url=%2Findex.php%3Frest_route%3D%252Fwp%252Fv2%252Fpages%252F2308\"         data-gallery-id=\"28\"         data-popup-width=\"800\"         data-popup-height=\"500\"         data-is-album=\"gallery\"         data-buttons-position=\"bottom\">      <div id=\"bwg_container2_0\">             <div id=\"ajax_loading_0\" class=\"bwg_loading_div_1\">      <div class=\"bwg_loading_div_2\">        <div class=\"bwg_loading_div_3\">          <div id=\"loading_div_0\" class=\"bwg_spider_ajax_loading\">          <\/div>        <\/div>      <\/div>    <\/div>            <form id=\"gal_front_form_0\"              class=\"bwg-hidden\"              method=\"post\"              action=\"#\"              data-current=\"0\"              data-shortcode-id=\"66\"              data-gallery-type=\"thumbnails\"              data-gallery-id=\"28\"              data-tag=\"0\"              data-album-id=\"0\"              data-theme-id=\"1\"              data-ajax-url=\"http:\/\/fahrrad-familie-outdoor.com\/wp-admin\/admin-ajax.php?action=bwg_frontend_data\">          <div id=\"bwg_container3_0\" class=\"bwg-background bwg-background-0\">                <div data-max-count=\"5\"         data-thumbnail-width=\"250\"         data-bwg=\"0\"         data-gallery-id=\"28\"         data-lightbox-url=\"http:\/\/fahrrad-familie-outdoor.com\/wp-admin\/admin-ajax.php?action=GalleryBox&amp;current_view=0&amp;gallery_id=28&amp;tag=0&amp;theme_id=1&amp;shortcode_id=66&amp;sort_by=filename&amp;order_by=asc&amp;current_url=%2Findex.php%3Frest_route%3D%252Fwp%252Fv2%252Fpages%252F2308\"         id=\"bwg_thumbnails_0\"         class=\"bwg-container-0 bwg-thumbnails bwg-standard-thumbnails bwg-container bwg-border-box\">            <div class=\"bwg-item\">        <a class=\"bwg-a  bwg_lightbox\"  data-image-id=\"762\" href=\"http:\/\/fahrrad-familie-outdoor.com\/wp-content\/uploads\/photo-gallery\/imported_from_media_libray\/GOPR0688_(1).jpeg?bwg=1603738606\" data-elementor-open-lightbox=\"no\">                <div class=\"bwg-item0 \">          <div class=\"bwg-item1 bwg-zoom-effect\">            <div class=\"bwg-item2\">              <img decoding=\"async\" class=\"skip-lazy bwg_standart_thumb_img_0 \"                   data-id=\"762\"                   data-width=\"375\"                   data-height=\"500\"                   data-src=\"http:\/\/fahrrad-familie-outdoor.com\/wp-content\/uploads\/photo-gallery\/imported_from_media_libray\/thumb\/GOPR0688_(1).jpeg?bwg=1603738606\"                   src=\"http:\/\/fahrrad-familie-outdoor.com\/wp-content\/uploads\/photo-gallery\/imported_from_media_libray\/thumb\/GOPR0688_(1).jpeg?bwg=1603738606\"                   alt=\"\"                   title=\"\" \/>            <\/div>            <div class=\"bwg-zoom-effect-overlay\">              <div class=\"bwg-title1\"><div class=\"bwg-title2\">&nbsp;<\/div><\/div>                                        <\/div>          <\/div>        <\/div>                        <\/a>              <\/div>            <div class=\"bwg-item\">        <a class=\"bwg-a  bwg_lightbox\"  data-image-id=\"766\" href=\"http:\/\/fahrrad-familie-outdoor.com\/wp-content\/uploads\/photo-gallery\/imported_from_media_libray\/GOPR2032_(1).jpeg?bwg=1603738606\" data-elementor-open-lightbox=\"no\">                <div class=\"bwg-item0 \">          <div class=\"bwg-item1 bwg-zoom-effect\">            <div class=\"bwg-item2\">              <img decoding=\"async\" class=\"skip-lazy bwg_standart_thumb_img_0 \"                   data-id=\"766\"                   data-width=\"500\"                   data-height=\"375\"                   data-src=\"http:\/\/fahrrad-familie-outdoor.com\/wp-content\/uploads\/photo-gallery\/imported_from_media_libray\/thumb\/GOPR2032_(1).jpeg?bwg=1603738606\"                   src=\"http:\/\/fahrrad-familie-outdoor.com\/wp-content\/uploads\/photo-gallery\/imported_from_media_libray\/thumb\/GOPR2032_(1).jpeg?bwg=1603738606\"                   alt=\"\"                   title=\"\" \/>            <\/div>            <div class=\"bwg-zoom-effect-overlay\">              <div class=\"bwg-title1\"><div class=\"bwg-title2\">&nbsp;<\/div><\/div>                                        <\/div>          <\/div>        <\/div>                        <\/a>              <\/div>            <div class=\"bwg-item\">        <a class=\"bwg-a  bwg_lightbox\"  data-image-id=\"765\" href=\"http:\/\/fahrrad-familie-outdoor.com\/wp-content\/uploads\/photo-gallery\/imported_from_media_libray\/GOPR2601_(1)_(1).jpeg?bwg=1603738606\" data-elementor-open-lightbox=\"no\">                <div class=\"bwg-item0 \">          <div class=\"bwg-item1 bwg-zoom-effect\">            <div class=\"bwg-item2\">              <img decoding=\"async\" class=\"skip-lazy bwg_standart_thumb_img_0 \"                   data-id=\"765\"                   data-width=\"500\"                   data-height=\"375\"                   data-src=\"http:\/\/fahrrad-familie-outdoor.com\/wp-content\/uploads\/photo-gallery\/imported_from_media_libray\/thumb\/GOPR2601_(1)_(1).jpeg?bwg=1603738606\"                   src=\"http:\/\/fahrrad-familie-outdoor.com\/wp-content\/uploads\/photo-gallery\/imported_from_media_libray\/thumb\/GOPR2601_(1)_(1).jpeg?bwg=1603738606\"                   alt=\"\"                   title=\"\" \/>            <\/div>            <div class=\"bwg-zoom-effect-overlay\">              <div class=\"bwg-title1\"><div class=\"bwg-title2\">&nbsp;<\/div><\/div>                                        <\/div>          <\/div>        <\/div>                        <\/a>              <\/div>            <div class=\"bwg-item\">        <a class=\"bwg-a  bwg_lightbox\"  data-image-id=\"764\" href=\"http:\/\/fahrrad-familie-outdoor.com\/wp-content\/uploads\/photo-gallery\/imported_from_media_libray\/IMG_7948_(1).jpg?bwg=1603738606\" data-elementor-open-lightbox=\"no\">                <div class=\"bwg-item0 \">          <div class=\"bwg-item1 bwg-zoom-effect\">            <div class=\"bwg-item2\">              <img decoding=\"async\" class=\"skip-lazy bwg_standart_thumb_img_0 \"                   data-id=\"764\"                   data-width=\"500\"                   data-height=\"375\"                   data-src=\"http:\/\/fahrrad-familie-outdoor.com\/wp-content\/uploads\/photo-gallery\/imported_from_media_libray\/thumb\/IMG_7948_(1).jpg?bwg=1603738606\"                   src=\"http:\/\/fahrrad-familie-outdoor.com\/wp-content\/uploads\/photo-gallery\/imported_from_media_libray\/thumb\/IMG_7948_(1).jpg?bwg=1603738606\"                   alt=\"\"                   title=\"\" \/>            <\/div>            <div class=\"bwg-zoom-effect-overlay\">              <div class=\"bwg-title1\"><div class=\"bwg-title2\">&nbsp;<\/div><\/div>                                        <\/div>          <\/div>        <\/div>                        <\/a>              <\/div>            <div class=\"bwg-item\">        <a class=\"bwg-a  bwg_lightbox\"  data-image-id=\"763\" href=\"http:\/\/fahrrad-familie-outdoor.com\/wp-content\/uploads\/photo-gallery\/imported_from_media_libray\/IMG_7955-e1572497749988_(1).jpg?bwg=1603738606\" data-elementor-open-lightbox=\"no\">                <div class=\"bwg-item0 \">          <div class=\"bwg-item1 bwg-zoom-effect\">            <div class=\"bwg-item2\">              <img decoding=\"async\" class=\"skip-lazy bwg_standart_thumb_img_0 \"                   data-id=\"763\"                   data-width=\"375\"                   data-height=\"500\"                   data-src=\"http:\/\/fahrrad-familie-outdoor.com\/wp-content\/uploads\/photo-gallery\/imported_from_media_libray\/thumb\/IMG_7955-e1572497749988_(1).jpg?bwg=1603738606\"                   src=\"http:\/\/fahrrad-familie-outdoor.com\/wp-content\/uploads\/photo-gallery\/imported_from_media_libray\/thumb\/IMG_7955-e1572497749988_(1).jpg?bwg=1603738606\"                   alt=\"\"                   title=\"\" \/>            <\/div>            <div class=\"bwg-zoom-effect-overlay\">              <div class=\"bwg-title1\"><div class=\"bwg-title2\">&nbsp;<\/div><\/div>                                        <\/div>          <\/div>        <\/div>                        <\/a>              <\/div>          <\/div>    <style>      \/*pagination styles*\/      #bwg_container1_0 #bwg_container2_0 .tablenav-pages_0 {\t\t\t\ttext-align: center;\t\t\t\tfont-size: 12px;\t\t\t\tfont-family: Ubuntu;\t\t\t\tfont-weight: bold;\t\t\t\tcolor: #666666;\t\t\t\tmargin: 6px 0 4px;\t\t\t\tdisplay: block;      }      @media only screen and (max-width : 320px) {      #bwg_container1_0 #bwg_container2_0 .displaying-num_0 {     \t display: none;      }      }      #bwg_container1_0 #bwg_container2_0 .displaying-num_0 {\t\t\t\tfont-size: 12px;\t\t\t\tfont-family: Ubuntu;\t\t\t\tfont-weight: bold;\t\t\t\tcolor: #666666;\t\t\t\tmargin-right: 10px;\t\t\t\tvertical-align: middle;      }      #bwg_container1_0 #bwg_container2_0 .paging-input_0 {\t\t\t\tfont-size: 12px;\t\t\t\tfont-family: Ubuntu;\t\t\t\tfont-weight: bold;\t\t\t\tcolor: #666666;\t\t\t\tvertical-align: middle;      }      #bwg_container1_0 #bwg_container2_0 .tablenav-pages_0 a.disabled,      #bwg_container1_0 #bwg_container2_0 .tablenav-pages_0 a.disabled:hover,      #bwg_container1_0 #bwg_container2_0 .tablenav-pages_0 a.disabled:focus,\t\t\t#bwg_container1_0 #bwg_container2_0 .tablenav-pages_0 input.bwg_current_page {\t\t\t\tcursor: default;\t\t\t\tcolor: rgba(102, 102, 102, 0.5);      }      #bwg_container1_0 #bwg_container2_0 .tablenav-pages_0 a,      #bwg_container1_0 #bwg_container2_0 .tablenav-pages_0 input.bwg_current_page {\t\t\t\tcursor: pointer;\t\t\t\ttext-align: center;\t\t\t\tfont-size: 12px;\t\t\t\tfont-family: Ubuntu;\t\t\t\tfont-weight: bold;\t\t\t\tcolor: #666666;\t\t\t\ttext-decoration: none;\t\t\t\tpadding: 3px 6px;\t\t\t\tmargin: 0;\t\t\t\tborder-radius: 0;\t\t\t\tborder-style: solid;\t\t\t\tborder-width: 1px;\t\t\t\tborder-color: #E3E3E3;\t\t\t\t\t\t\t\tbackground-color: rgba(255, 255, 255, 1.00);\t\t\t\tbox-shadow: 0;\t\t\t\ttransition: all 0.3s ease 0s;-webkit-transition: all 0.3s ease 0s;      }      <\/style>      <span class=\"bwg_nav_cont_0\">              <div class=\"tablenav-pages_0\">                  <\/div>                <input type=\"hidden\" id=\"page_number_0\" name=\"page_number_0\" value=\"1\" \/>      <script type=\"text\/javascript\">        if( jQuery('.bwg_nav_cont_0').length > 1 ) {          jQuery('.bwg_nav_cont_0').first().remove()        }        function spider_page_0(cur, x, y, load_more) {          if (typeof load_more == \"undefined\") {            var load_more = false;          }          if (jQuery(cur).hasClass('disabled')) {            return false;          }          var items_county_0 = 1;          switch (y) {            case 1:              if (x >= items_county_0) {                document.getElementById('page_number_0').value = items_county_0;              }              else {                document.getElementById('page_number_0').value = x + 1;              }              break;            case 2:              document.getElementById('page_number_0').value = items_county_0;              break;            case -1:              if (x == 1) {                document.getElementById('page_number_0').value = 1;              }              else {                document.getElementById('page_number_0').value = x - 1;              }              break;            case -2:              document.getElementById('page_number_0').value = 1;              break;\t\t\t\t\t\tcase 0:              document.getElementById('page_number_0').value = x;              break;            default:              document.getElementById('page_number_0').value = 1;          }          bwg_ajax('gal_front_form_0', '0', 'bwg_thumbnails_0', '0', '', 'gallery', 0, '', '', load_more, '', 1);        }                    jQuery('.first-page-0').on('click', function () {              spider_page_0(this, 1, -2, 'numeric');              return false;            });            jQuery('.prev-page-0').on('click', function () {              spider_page_0(this, 1, -1, 'numeric');              return false;            });            jQuery('.next-page-0').on('click', function () {              spider_page_0(this, 1, 1, 'numeric');              return false;            });            jQuery('.last-page-0').on('click', function () {              spider_page_0(this, 1, 2, 'numeric');              return false;            });        \t\t\t\t\/* Change page on input enter. *\/        function bwg_change_page_0( e, that ) {          if (  e.key == 'Enter' ) {            var to_page = parseInt(jQuery(that).val());            var pages_count = jQuery(that).parents(\".pagination-links\").data(\"pages-count\");            var current_url_param = jQuery(that).attr('data-url-info');            if (to_page > pages_count) {              to_page = 1;            }\t \t\t\t\t\t\t\t\t\t\t\t\tspider_page_0(this, to_page, 0, 'numeric');\t\t\t\t\t\t\treturn false;\t\t\t\t\t\t          }          return true;        }        jQuery('.bwg_load_btn_0').on('click', function () {            spider_page_0(this, 1, 1, true);            return false;        });      <\/script>      <\/span>                <\/div>        <\/form>        <style>          #bwg_container1_0 #bwg_container2_0 #spider_popup_overlay_0 {          background-color: #EEEEEE;          opacity: 0.60;          }          <\/style>        <div id=\"bwg_spider_popup_loading_0\" class=\"bwg_spider_popup_loading\"><\/div>        <div id=\"spider_popup_overlay_0\" class=\"spider_popup_overlay\" onclick=\"spider_destroypopup(1000)\"><\/div>        <input type=\"hidden\" id=\"bwg_random_seed_0\" value=\"1732875479\">                <\/div>    <\/div>    <script>      if (document.readyState === 'complete') {        if( typeof bwg_main_ready == 'function' ) {          if ( jQuery(\"#bwg_container1_0\").height() ) {            bwg_main_ready(jQuery(\"#bwg_container1_0\"));          }        }      } else {        document.addEventListener('DOMContentLoaded', function() {          if( typeof bwg_main_ready == 'function' ) {            if ( jQuery(\"#bwg_container1_0\").height() ) {             bwg_main_ready(jQuery(\"#bwg_container1_0\"));            }          }        });      }    <\/script>    \n<p>Sooo, aussehen tut\u2019s schonmal SUPER aber was kann eine SPEEDHUB denn so? <strong>Nabenschaltung<\/strong> war ich bisher gew\u00f6hnt gewesen aber Rohloff war mir neu. Na dann mal ab auf die Piste und <strong>alle 14 G\u00e4nge \u201edurchgescrolled\u201c<\/strong>, denn Hebel gibt es nicht. Das war f\u00fcr mich ebenfalls nicht neu aber trotzdem gew\u00f6hnungsbed\u00fcrftig. Da ich sehr kleine H\u00e4nde habe, mussten wir noch ein bisschen am Griff feilen und dann ging es auch schon die <strong>kanadischen Berge hoch<\/strong> und gl\u00fccklicherweise auch irgendwann wieder runter. Absteigen musste ich bergauf, f\u00fcr mich erstaunlich, \u00e4u\u00dferst selten. Falls jetzt jemand ankommt und meint \u201enaja, so schwer bist du doch auch nicht und dann hast du ja nicht mal die Kinder im Schlepptau\u201c, kann ich nur sagen, ja, aber insgesamt wog mein Gef\u00e4hrt trotzdem etwa 160kg. Meinen Anteil an dem Gewicht werde ich hier nicht extra aufschl\u00fcsseln, das geh\u00f6rt sich n\u00e4mlich nicht f\u00fcr eine Dame\u2026Spa\u00df beiseite und <strong>ernsthaft: Sauschweres Gef\u00e4hrt mit der ROHLOFF SPEEDHUB verbaut, ist eine gro\u00dfartige Kombination<\/strong> und l\u00e4sst meinen Kopf beim Hoch- und Herunterschalten gerne abschalten, da alles wie von selbst funktioniert und weil selbst der <strong>\u00d6lwechsel<\/strong> so supermegafurzgeil (man m\u00f6ge mir diese Wortwahl ebenfalls verzeihen) <strong>einfach<\/strong> ist, habe ich keine Bedenken, wenn ich an unsere weiteren tausende Kilometer denke!<\/p>\n","protected":false},"excerpt":{"rendered":"<p>Okay, ich gestehe hiermit offiziell, dass ich keine Ahnung von Fahrr\u00e4dern und dessen Zubeh\u00f6r habe! Gut, vielleicht nicht zu 100 Prozent aber sicher zu 95plus! Bevor wir also unsere etwas ungew\u00f6hnliche Reise von Nord- nach S\u00fcdamerika mit dem Drahtesel (verzeiht mir bitte diese Wortwahl) planten, habe ich also die offenen Technikfragen, Fahrradauswahl und Zubeh\u00f6r meinem [&hellip;]<\/p>\n","protected":false},"author":1,"featured_media":0,"parent":0,"menu_order":0,"comment_status":"closed","ping_status":"closed","template":"","meta":{"_exactmetrics_skip_tracking":false,"_exactmetrics_sitenote_active":false,"_exactmetrics_sitenote_note":"","_exactmetrics_sitenote_category":0,"site-sidebar-layout":"default","site-content-layout":"default","ast-site-content-layout":"","site-content-style":"default","site-sidebar-style":"default","ast-global-header-display":"","ast-banner-title-visibility":"","ast-main-header-display":"","ast-hfb-above-header-display":"","ast-hfb-below-header-display":"","ast-hfb-mobile-header-display":"","site-post-title":"","ast-breadcrumbs-content":"","ast-featured-img":"","footer-sml-layout":"","theme-transparent-header-meta":"default","adv-header-id-meta":"","stick-header-meta":"","header-above-stick-meta":"","header-main-stick-meta":"","header-below-stick-meta":"","astra-migrate-meta-layouts":"default","ast-page-background-enabled":"default","ast-page-background-meta":{"desktop":{"background-color":"","background-image":"","background-repeat":"repeat","background-position":"center center","background-size":"auto","background-attachment":"scroll","background-type":"","background-media":"","overlay-type":"","overlay-color":"","overlay-gradient":""},"tablet":{"background-color":"","background-image":"","background-repeat":"repeat","background-position":"center center","background-size":"auto","background-attachment":"scroll","background-type":"","background-media":"","overlay-type":"","overlay-color":"","overlay-gradient":""},"mobile":{"background-color":"","background-image":"","background-repeat":"repeat","background-position":"center center","background-size":"auto","background-attachment":"scroll","background-type":"","background-media":"","overlay-type":"","overlay-color":"","overlay-gradient":""}},"ast-content-background-meta":{"desktop":{"background-color":"var(--ast-global-color-5)","background-image":"","background-repeat":"repeat","background-position":"center center","background-size":"auto","background-attachment":"scroll","background-type":"","background-media":"","overlay-type":"","overlay-color":"","overlay-gradient":""},"tablet":{"background-color":"var(--ast-global-color-5)","background-image":"","background-repeat":"repeat","background-position":"center center","background-size":"auto","background-attachment":"scroll","background-type":"","background-media":"","overlay-type":"","overlay-color":"","overlay-gradient":""},"mobile":{"background-color":"var(--ast-global-color-5)","background-image":"","background-repeat":"repeat","background-position":"center center","background-size":"auto","background-attachment":"scroll","background-type":"","background-media":"","overlay-type":"","overlay-color":"","overlay-gradient":""}},"ngg_post_thumbnail":0,"footnotes":""},"_links":{"self":[{"href":"http:\/\/fahrrad-familie-outdoor.com\/index.php?rest_route=\/wp\/v2\/pages\/2308"}],"collection":[{"href":"http:\/\/fahrrad-familie-outdoor.com\/index.php?rest_route=\/wp\/v2\/pages"}],"about":[{"href":"http:\/\/fahrrad-familie-outdoor.com\/index.php?rest_route=\/wp\/v2\/types\/page"}],"author":[{"embeddable":true,"href":"http:\/\/fahrrad-familie-outdoor.com\/index.php?rest_route=\/wp\/v2\/users\/1"}],"replies":[{"embeddable":true,"href":"http:\/\/fahrrad-familie-outdoor.com\/index.php?rest_route=%2Fwp%2Fv2%2Fcomments&post=2308"}],"version-history":[{"count":3,"href":"http:\/\/fahrrad-familie-outdoor.com\/index.php?rest_route=\/wp\/v2\/pages\/2308\/revisions"}],"predecessor-version":[{"id":2313,"href":"http:\/\/fahrrad-familie-outdoor.com\/index.php?rest_route=\/wp\/v2\/pages\/2308\/revisions\/2313"}],"wp:attachment":[{"href":"http:\/\/fahrrad-familie-outdoor.com\/index.php?rest_route=%2Fwp%2Fv2%2Fmedia&parent=2308"}],"curies":[{"name":"wp","href":"https:\/\/api.w.org\/{rel}","templated":true}]}}