{"id":1392,"date":"2019-01-29T11:17:36","date_gmt":"2019-01-29T11:17:36","guid":{"rendered":"http:\/\/fahrrad-familie-outdoor.com\/?page_id=1392"},"modified":"2019-09-08T23:33:18","modified_gmt":"2019-09-08T23:33:18","slug":"wie-kannst-du-uns-unterstuetzen","status":"publish","type":"page","link":"http:\/\/fahrrad-familie-outdoor.com\/?page_id=1392","title":{"rendered":"Wie kannst du uns unterst\u00fctzen?"},"content":{"rendered":"<p>Du kannst uns zum Beispiel sehr gerne mal eine \u00dcbernachtung auf einem Campground finanzieren. Daf\u00fcr haben wir bisher ca. 25 CAD (ca. 17 EUR) gezahlt. Falls du meinst, wir sollten bei Sturm und Hagel lieber eine beheizte Unterkunft haben, geht das nat\u00fcrlich auch (ab 100 EUR).<\/p>\n<p><img fetchpriority=\"high\" decoding=\"async\" class=\"size-medium wp-image-1642 aligncenter\" src=\"http:\/\/fahrrad-familie-outdoor.com\/wp-content\/uploads\/2019\/09\/GOPR2270-300x225.jpg\" alt=\"\" width=\"300\" height=\"225\" srcset=\"http:\/\/fahrrad-familie-outdoor.com\/wp-content\/uploads\/2019\/09\/GOPR2270-300x225.jpg 300w, http:\/\/fahrrad-familie-outdoor.com\/wp-content\/uploads\/2019\/09\/GOPR2270-768x576.jpg 768w, http:\/\/fahrrad-familie-outdoor.com\/wp-content\/uploads\/2019\/09\/GOPR2270-1024x768.jpg 1024w\" sizes=\"(max-width: 300px) 100vw, 300px\" \/><\/p>\n<p>Vielleicht m\u00f6chtest du uns aber auch lieber unterwegs bek\u00f6stigen.? Das hat uns bisher (wenn wir essen gegangen sind) etwa 60 CAD (ca 42 EUR) gekostet.<\/p>\n<p>F\u00fcr ganz wenig Geld haben wir auch schon unsere Kinder mit Klamotten versorgt. In den sehr verbreiteten Thriftstores bekam Laetitia beispielsweise eine neue Hose f\u00fcr 3 CAD (2 EUR).<\/p>\n<p><img decoding=\"async\" class=\"size-medium wp-image-1643 aligncenter\" src=\"http:\/\/fahrrad-familie-outdoor.com\/wp-content\/uploads\/2019\/09\/GOPR3090-300x225.jpg\" alt=\"\" width=\"300\" height=\"225\" srcset=\"http:\/\/fahrrad-familie-outdoor.com\/wp-content\/uploads\/2019\/09\/GOPR3090-300x225.jpg 300w, http:\/\/fahrrad-familie-outdoor.com\/wp-content\/uploads\/2019\/09\/GOPR3090-768x576.jpg 768w, http:\/\/fahrrad-familie-outdoor.com\/wp-content\/uploads\/2019\/09\/GOPR3090-1024x768.jpg 1024w\" sizes=\"(max-width: 300px) 100vw, 300px\" \/><\/p>\n<p>Wenn wir Eltern mal einen Energieschub ben\u00f6tigen, darfst du uns auch gerne einen Kaffee spendieren. F\u00fcr 3 CAD wird auf jedenfall einer von uns Erwachsenen ein paar km\/h schneller! \ud83d\ude09<\/p>\n<p><img decoding=\"async\" class=\"size-medium wp-image-1641 aligncenter\" src=\"http:\/\/fahrrad-familie-outdoor.com\/wp-content\/uploads\/2019\/09\/GOPR2745-300x225.jpg\" alt=\"\" width=\"300\" height=\"225\" srcset=\"http:\/\/fahrrad-familie-outdoor.com\/wp-content\/uploads\/2019\/09\/GOPR2745-300x225.jpg 300w, http:\/\/fahrrad-familie-outdoor.com\/wp-content\/uploads\/2019\/09\/GOPR2745-768x576.jpg 768w, http:\/\/fahrrad-familie-outdoor.com\/wp-content\/uploads\/2019\/09\/GOPR2745-1024x768.jpg 1024w\" sizes=\"(max-width: 300px) 100vw, 300px\" \/><\/p>\n<p><strong>Wie genau?<\/strong><\/p>\n<p>Falls Du uns einfach so mit ein paar Euronen unterst\u00fctzen m\u00f6chtest, kannst Du das sehr gerne, total unkompliziert per <a href=\"https:\/\/www.paypal.me\/fahrradfamilie\" target=\"_blank\" rel=\"noopener noreferrer\">paypal<\/a> erledigen.<\/p>\n<p>Du darfst uns aber auch gerne einfach einen Betrag \u00fcberweisen. Die <a href=\"http:\/\/fahrrad-familie-outdoor.com\/?page_id=9\" target=\"_blank\" rel=\"noopener noreferrer\">Daten<\/a> schicken wir dir sehr gerne zu.<\/p>\n<p><img loading=\"lazy\" decoding=\"async\" class=\"aligncenter size-medium wp-image-1644\" src=\"http:\/\/fahrrad-familie-outdoor.com\/wp-content\/uploads\/2019\/09\/P8301350-small-300x225.jpg\" alt=\"\" width=\"300\" height=\"225\" srcset=\"http:\/\/fahrrad-familie-outdoor.com\/wp-content\/uploads\/2019\/09\/P8301350-small-300x225.jpg 300w, http:\/\/fahrrad-familie-outdoor.com\/wp-content\/uploads\/2019\/09\/P8301350-small-768x576.jpg 768w, http:\/\/fahrrad-familie-outdoor.com\/wp-content\/uploads\/2019\/09\/P8301350-small-1024x768.jpg 1024w, http:\/\/fahrrad-familie-outdoor.com\/wp-content\/uploads\/2019\/09\/P8301350-small.jpg 1500w\" sizes=\"(max-width: 300px) 100vw, 300px\" \/><\/p>\n","protected":false},"excerpt":{"rendered":"<p>Du kannst uns zum Beispiel sehr gerne mal eine \u00dcbernachtung auf einem Campground finanzieren. Daf\u00fcr haben wir bisher ca. 25 CAD (ca. 17 EUR) gezahlt. Falls du meinst, wir sollten bei Sturm und Hagel lieber eine beheizte Unterkunft haben, geht das nat\u00fcrlich auch (ab 100 EUR). Vielleicht m\u00f6chtest du uns aber auch lieber unterwegs bek\u00f6stigen.? [&hellip;]<\/p>\n","protected":false},"author":1,"featured_media":0,"parent":0,"menu_order":0,"comment_status":"closed","ping_status":"closed","template":"","meta":{"_exactmetrics_skip_tracking":false,"_exactmetrics_sitenote_active":false,"_exactmetrics_sitenote_note":"","_exactmetrics_sitenote_category":0,"site-sidebar-layout":"default","site-content-layout":"default","ast-site-content-layout":"","site-content-style":"default","site-sidebar-style":"default","ast-global-header-display":"","ast-banner-title-visibility":"","ast-main-header-display":"","ast-hfb-above-header-display":"","ast-hfb-below-header-display":"","ast-hfb-mobile-header-display":"","site-post-title":"","ast-breadcrumbs-content":"","ast-featured-img":"","footer-sml-layout":"","theme-transparent-header-meta":"default","adv-header-id-meta":"","stick-header-meta":"","header-above-stick-meta":"","header-main-stick-meta":"","header-below-stick-meta":"","astra-migrate-meta-layouts":"default","ast-page-background-enabled":"default","ast-page-background-meta":{"desktop":{"background-color":"","background-image":"","background-repeat":"repeat","background-position":"center center","background-size":"auto","background-attachment":"scroll","background-type":"","background-media":"","overlay-type":"","overlay-color":"","overlay-gradient":""},"tablet":{"background-color":"","background-image":"","background-repeat":"repeat","background-position":"center center","background-size":"auto","background-attachment":"scroll","background-type":"","background-media":"","overlay-type":"","overlay-color":"","overlay-gradient":""},"mobile":{"background-color":"","background-image":"","background-repeat":"repeat","background-position":"center center","background-size":"auto","background-attachment":"scroll","background-type":"","background-media":"","overlay-type":"","overlay-color":"","overlay-gradient":""}},"ast-content-background-meta":{"desktop":{"background-color":"var(--ast-global-color-5)","background-image":"","background-repeat":"repeat","background-position":"center center","background-size":"auto","background-attachment":"scroll","background-type":"","background-media":"","overlay-type":"","overlay-color":"","overlay-gradient":""},"tablet":{"background-color":"var(--ast-global-color-5)","background-image":"","background-repeat":"repeat","background-position":"center center","background-size":"auto","background-attachment":"scroll","background-type":"","background-media":"","overlay-type":"","overlay-color":"","overlay-gradient":""},"mobile":{"background-color":"var(--ast-global-color-5)","background-image":"","background-repeat":"repeat","background-position":"center center","background-size":"auto","background-attachment":"scroll","background-type":"","background-media":"","overlay-type":"","overlay-color":"","overlay-gradient":""}},"ngg_post_thumbnail":0,"footnotes":""},"_links":{"self":[{"href":"http:\/\/fahrrad-familie-outdoor.com\/index.php?rest_route=\/wp\/v2\/pages\/1392"}],"collection":[{"href":"http:\/\/fahrrad-familie-outdoor.com\/index.php?rest_route=\/wp\/v2\/pages"}],"about":[{"href":"http:\/\/fahrrad-familie-outdoor.com\/index.php?rest_route=\/wp\/v2\/types\/page"}],"author":[{"embeddable":true,"href":"http:\/\/fahrrad-familie-outdoor.com\/index.php?rest_route=\/wp\/v2\/users\/1"}],"replies":[{"embeddable":true,"href":"http:\/\/fahrrad-familie-outdoor.com\/index.php?rest_route=%2Fwp%2Fv2%2Fcomments&post=1392"}],"version-history":[{"count":16,"href":"http:\/\/fahrrad-familie-outdoor.com\/index.php?rest_route=\/wp\/v2\/pages\/1392\/revisions"}],"predecessor-version":[{"id":1638,"href":"http:\/\/fahrrad-familie-outdoor.com\/index.php?rest_route=\/wp\/v2\/pages\/1392\/revisions\/1638"}],"wp:attachment":[{"href":"http:\/\/fahrrad-familie-outdoor.com\/index.php?rest_route=%2Fwp%2Fv2%2Fmedia&parent=1392"}],"curies":[{"name":"wp","href":"https:\/\/api.w.org\/{rel}","templated":true}]}}