{"id":1338,"date":"2019-01-15T12:31:20","date_gmt":"2019-01-15T12:31:20","guid":{"rendered":"http:\/\/fahrrad-familie-outdoor.com\/?page_id=1338"},"modified":"2019-02-13T19:20:20","modified_gmt":"2019-02-13T19:20:20","slug":"warum-das-urban-arrow-family","status":"publish","type":"page","link":"http:\/\/fahrrad-familie-outdoor.com\/?page_id=1338","title":{"rendered":"Warum das Urban Arrow Family?"},"content":{"rendered":"<p><span style=\"color: #999999;\">Falls du demn\u00e4chst vor hast ein Lastenfahrrad zu kaufen, k\u00f6nnen wir dir hier eventuell eine kleine Entscheidungshilfe geben und zumindest einen kurzen Erfahrungsbericht zu unserem Urban Arrow Family bieten.<\/span><\/p>\r\n<hr \/>\r\n<p>Wenn die Familie w\u00e4chst, stellt man sich so manchen Fragen und <strong>Herausforderungen<\/strong>. Auch wir haben uns sehr viele Gedanken gemacht, wie wir unser Leben zu viert meistern und gestalten m\u00f6chten. Zwangsl\u00e4ufig kommt man irgendwann zu der Frage, ob wir noch alle in ein Auto passen oder wie kommen wir zur Arbeit und wie bringen wir unsere Kinder in den Kindergarten und irgendwann zur Schule. Ben\u00f6tigen wir etwa ein <strong>zus\u00e4tzliches Auto?<\/strong> Dieser Gedanke war f\u00fcr uns jedoch von Anfang an abw\u00e4gig. Der ber\u00fchmte \u201eZweitwagen&#8220; kam f\u00fcr uns nicht in Frage. Allein die <strong>Parkplatzsituation<\/strong> in unserer Stadt (und wahrscheinlich in vielen anderen Orten ebenfalls) hat uns die Fu\u00dfn\u00e4gel kr\u00e4useln lassen. Hinzu kam das absolut ausschlaggebende Argument: unsere <strong>Umweltbelastung<\/strong>. Da wir allerdings nicht besonders gerne mit Bus und Bahn unterwegs sind, haupts\u00e4chlich, weil wir dadurch relativ unflexibel und stundenplanabh\u00e4ngig w\u00e4ren, kam f\u00fcr uns lediglich ein Lastenfahrrad in Frage. Wir sind zwar schon mit <strong>Rad und Anh\u00e4nger<\/strong> unterwegs gewesen und hatten in dieser Hinsicht etwas Flexibilit\u00e4t aber die <strong>Kommunikation<\/strong> mit unserer Tochter war unterwegs sehr schwer m\u00f6glich.<br \/>Diese Gedanken machten wir uns w\u00e4hrend unseres Familienwachstums (Felicitas war mit Vincent etwa im 4. Monat schwanger), daher musste das zuk\u00fcnftige Cargobike ganz <strong>bestimmte Kriterien<\/strong> erf\u00fcllen:<\/p>\r\n<ul>\r\n<li>es m\u00fcssen auf jeden Fall <strong>2 Kinder mit Gep\u00e4ck<\/strong> ausreichend viel Platz haben und evtl. auch mal eine Kindergartenfreundin zus\u00e4tzlich darin sitzen k\u00f6nnen \ud83d\ude09<\/li>\r\n<li>ein <strong>Baby<\/strong> muss mitgenommen werden k\u00f6nnen<\/li>\r\n<li>mit <strong>elektrischer Unterst\u00fctzung<\/strong>, da wir \u201evor unserer Haust\u00fcr&#8220; eine nicht unerhebliche Steigung haben und das Rad auch w\u00e4hrend der <strong>Schwangerschaft<\/strong> mit Beladung einsatzf\u00e4hig sein sollte (so ein Lastenrad wiegt ja auch ohne Beladung schon einige Kilos)<\/li>\r\n<li>Die <strong>Sitzposition<\/strong> der Kinder muss bequem und f\u00fcr lange Strecken geeignet sein aber es sollte trotzdem noch ausreichend Platz f\u00fcr Gep\u00e4ck und Gro\u00dfeinkauf vorhanden sein<\/li>\r\n<li>guter <strong>Regenschutz<\/strong>, sprich, die Kinder sollen auch bei schlechtem Wetter eine sch\u00f6ne Aussicht haben \ud83d\ude09<\/li>\r\n<li>langlebige Komponenten sollten verarbeitet sein (gut bew\u00e4hrte Schaltung + Bremsanlage + Elektronik)<\/li>\r\n<\/ul>\r\n<p>Nach l\u00e4ngeren Recherchen kamen am Ende ZWEI Lastenfahrr\u00e4der f\u00fcr uns in Frage. Einmal das <strong>MK1-E<\/strong> von Butchers &amp; Bicycles und nat\u00fcrlich das <strong>Urban Arrow Family<\/strong>.<br \/>Da inzwischen auch die <strong>VELO<\/strong> in Berlin kurz bevor stand, hatten wir die Gelegenheit, beide Lastenr\u00e4der Probe zu fahren. Das Festival fand zum ersten Mal (2018) auf dem <strong>Tempelhofer Feld<\/strong> statt und wir hatten super viel Platz zum Radeln\u2026eine gro\u00dfartige Idee der VELO dort hin umzuziehen!<\/p>\r\n<p>Jetzt hatten wir die Qual der Wahl. H\u00e4tten wir ohne <strong>Probefahrt<\/strong> entschieden, w\u00e4re wohl das MK1-E in unseren Fuhrpark eingezogen aber nachdem wir feststellten, dass selbst 2 R\u00e4der zum Lasten transportieren reichen und zudem noch ein tolles <strong>Fahrgef\u00fchl<\/strong> bieten, kamen wir ins Gr\u00fcbeln.<\/p>\r\n<style id=\"bwg-style-0\">    #bwg_container1_0 #bwg_container2_0 .bwg-container-0.bwg-standard-thumbnails {      width: 1254px;              justify-content: center;        margin:0 auto !important;              background-color: rgba(255, 255, 255, 0.00);            padding-left: 4px;      padding-top: 4px;      max-width: 100%;            }        #bwg_container1_0 #bwg_container2_0 .bwg-container-0.bwg-standard-thumbnails .bwg-item {    justify-content: flex-start;      max-width: 250px;          }    #bwg_container1_0 #bwg_container2_0 .bwg-container-0.bwg-standard-thumbnails .bwg-item a {       margin-right: 4px;       margin-bottom: 4px;    }    #bwg_container1_0 #bwg_container2_0 .bwg-container-0.bwg-standard-thumbnails .bwg-item0 {      padding: 0px;            background-color:rgba(0,0,0, 0.30);      border: 0px none #CCCCCC;      opacity: 1.00;      border-radius: 0;      box-shadow: ;    }    #bwg_container1_0 #bwg_container2_0 .bwg-container-0.bwg-standard-thumbnails .bwg-item1 img {      max-height: none;      max-width: none;      padding: 0 !important;    }         @media only screen and (min-width: 480px) {\t\t#bwg_container1_0 #bwg_container2_0 .bwg-container-0.bwg-standard-thumbnails .bwg-item1 img {\t\t\t-webkit-transition: all .3s; transition: all .3s;\t\t}\t\t#bwg_container1_0 #bwg_container2_0 .bwg-container-0.bwg-standard-thumbnails .bwg-item1 img:hover {\t\t\t-ms-transform: scale(1.08);\t\t\t-webkit-transform: scale(1.08);\t\t\ttransform: scale(1.08);\t\t}\t\t\t\t.bwg-standard-thumbnails .bwg-zoom-effect .bwg-zoom-effect-overlay {\t\t\t\t\t\tbackground-color:rgba(0,0,0, 0.3);\t\t}\t\t.bwg-standard-thumbnails .bwg-zoom-effect:hover img {\t\t\t-ms-transform: scale(1.08);\t\t\t-webkit-transform: scale(1.08);\t\t\ttransform: scale(1.08);\t\t}\t\t      }\t    #bwg_container1_0 #bwg_container2_0 .bwg-container-0.bwg-standard-thumbnails .bwg-item1 {      padding-top: 100%;    }        #bwg_container1_0 #bwg_container2_0 .bwg-container-0.bwg-standard-thumbnails .bwg-title1 {      position: absolute;      top: 0;      z-index: 100;      width: 100%;      height: 100%;      display: flex;      justify-content: center;      align-content: center;      flex-direction: column;      opacity: 0;    }\t      #bwg_container1_0 #bwg_container2_0 .bwg-container-0.bwg-standard-thumbnails .bwg-title2,    #bwg_container1_0 #bwg_container2_0 .bwg-container-0.bwg-standard-thumbnails .bwg-ecommerce2 {      color: #FFFFFF;      font-family: Ubuntu;      font-size: 16px;      font-weight: bold;      padding: 2px;      text-shadow: ;      max-height: 100%;    }    #bwg_container1_0 #bwg_container2_0 .bwg-container-0.bwg-standard-thumbnails .bwg-thumb-description span {    color: #323A45;    font-family: Ubuntu;    font-size: 12px;    max-height: 100%;    word-wrap: break-word;    }    #bwg_container1_0 #bwg_container2_0 .bwg-container-0.bwg-standard-thumbnails .bwg-play-icon2 {      font-size: 32px;    }    #bwg_container1_0 #bwg_container2_0 .bwg-container-0.bwg-standard-thumbnails .bwg-ecommerce2 {      font-size: 19.2px;      color: #323A45;    }    <\/style>    <div id=\"bwg_container1_0\"         class=\"bwg_container bwg_thumbnail bwg_thumbnails \"         data-right-click-protection=\"0\"         data-bwg=\"0\"         data-scroll=\"0\"         data-gallery-type=\"thumbnails\"         data-gallery-view-type=\"thumbnails\"         data-current-url=\"\/index.php?rest_route=%2Fwp%2Fv2%2Fpages%2F1338\"         data-lightbox-url=\"http:\/\/fahrrad-familie-outdoor.com\/wp-admin\/admin-ajax.php?action=GalleryBox&#038;current_view=0&#038;gallery_id=10&#038;tag=0&#038;theme_id=1&#038;shortcode_id=23&#038;sort_by=filename&#038;order_by=asc&#038;current_url=%2Findex.php%3Frest_route%3D%252Fwp%252Fv2%252Fpages%252F1338\"         data-gallery-id=\"10\"         data-popup-width=\"800\"         data-popup-height=\"500\"         data-is-album=\"gallery\"         data-buttons-position=\"bottom\">      <div id=\"bwg_container2_0\">             <div id=\"ajax_loading_0\" class=\"bwg_loading_div_1\">      <div class=\"bwg_loading_div_2\">        <div class=\"bwg_loading_div_3\">          <div id=\"loading_div_0\" class=\"bwg_spider_ajax_loading\">          <\/div>        <\/div>      <\/div>    <\/div>            <form id=\"gal_front_form_0\"              class=\"bwg-hidden\"              method=\"post\"              action=\"#\"              data-current=\"0\"              data-shortcode-id=\"23\"              data-gallery-type=\"thumbnails\"              data-gallery-id=\"10\"              data-tag=\"0\"              data-album-id=\"0\"              data-theme-id=\"1\"              data-ajax-url=\"http:\/\/fahrrad-familie-outdoor.com\/wp-admin\/admin-ajax.php?action=bwg_frontend_data\">          <div id=\"bwg_container3_0\" class=\"bwg-background bwg-background-0\">                <div data-max-count=\"5\"         data-thumbnail-width=\"250\"         data-bwg=\"0\"         data-gallery-id=\"10\"         data-lightbox-url=\"http:\/\/fahrrad-familie-outdoor.com\/wp-admin\/admin-ajax.php?action=GalleryBox&amp;current_view=0&amp;gallery_id=10&amp;tag=0&amp;theme_id=1&amp;shortcode_id=23&amp;sort_by=filename&amp;order_by=asc&amp;current_url=%2Findex.php%3Frest_route%3D%252Fwp%252Fv2%252Fpages%252F1338\"         id=\"bwg_thumbnails_0\"         class=\"bwg-container-0 bwg-thumbnails bwg-standard-thumbnails bwg-container bwg-border-box\">            <div class=\"bwg-item\">        <a class=\"bwg-a  bwg_lightbox\"  data-image-id=\"468\" href=\"http:\/\/fahrrad-familie-outdoor.com\/wp-content\/uploads\/photo-gallery\/imported_from_media_libray\/IMG_20180624_094048-e1540030038325%20(1).jpg?bwg=1547555981\" data-elementor-open-lightbox=\"no\">                <div class=\"bwg-item0 \">          <div class=\"bwg-item1 bwg-zoom-effect\">            <div class=\"bwg-item2\">              <img decoding=\"async\" class=\"skip-lazy bwg_standart_thumb_img_0 \"                   data-id=\"468\"                   data-width=\"\"                   data-height=\"\"                   data-src=\"http:\/\/fahrrad-familie-outdoor.com\/wp-content\/uploads\/photo-gallery\/imported_from_media_libray\/thumb\/IMG_20180624_094048-e1540030038325%20(1).jpg?bwg=1547555981\"                   src=\"http:\/\/fahrrad-familie-outdoor.com\/wp-content\/uploads\/photo-gallery\/imported_from_media_libray\/thumb\/IMG_20180624_094048-e1540030038325%20(1).jpg?bwg=1547555981\"                   alt=\"Unser Urban Arrow mit Regenschutz.\"                   title=\"Unser Urban Arrow mit Regenschutz.\" \/>            <\/div>            <div class=\"bwg-zoom-effect-overlay\">              <div class=\"bwg-title1\"><div class=\"bwg-title2\">Unser Urban Arrow mit Regenschutz.<\/div><\/div>                                        <\/div>          <\/div>        <\/div>                        <\/a>              <\/div>            <div class=\"bwg-item\">        <a class=\"bwg-a  bwg_lightbox\"  data-image-id=\"467\" href=\"http:\/\/fahrrad-familie-outdoor.com\/wp-content\/uploads\/photo-gallery\/imported_from_media_libray\/IMG_20180626_164759-e1540030090584%20(1).jpg?bwg=1547555981\" data-elementor-open-lightbox=\"no\">                <div class=\"bwg-item0 \">          <div class=\"bwg-item1 bwg-zoom-effect\">            <div class=\"bwg-item2\">              <img decoding=\"async\" class=\"skip-lazy bwg_standart_thumb_img_0 \"                   data-id=\"467\"                   data-width=\"\"                   data-height=\"\"                   data-src=\"http:\/\/fahrrad-familie-outdoor.com\/wp-content\/uploads\/photo-gallery\/imported_from_media_libray\/thumb\/IMG_20180626_164759-e1540030090584%20(1).jpg?bwg=1547555981\"                   src=\"http:\/\/fahrrad-familie-outdoor.com\/wp-content\/uploads\/photo-gallery\/imported_from_media_libray\/thumb\/IMG_20180626_164759-e1540030090584%20(1).jpg?bwg=1547555981\"                   alt=\"Direkt vor der T\u00fcr parken.\"                   title=\"Direkt vor der T\u00fcr parken.\" \/>            <\/div>            <div class=\"bwg-zoom-effect-overlay\">              <div class=\"bwg-title1\"><div class=\"bwg-title2\">Direkt vor der T\u00fcr parken.<\/div><\/div>                                        <\/div>          <\/div>        <\/div>                        <\/a>              <\/div>            <div class=\"bwg-item\">        <a class=\"bwg-a  bwg_lightbox\"  data-image-id=\"470\" href=\"http:\/\/fahrrad-familie-outdoor.com\/wp-content\/uploads\/photo-gallery\/imported_from_media_libray\/IMG_20180929_162524%20(1).jpg?bwg=1547581354\" data-elementor-open-lightbox=\"no\">                <div class=\"bwg-item0 \">          <div class=\"bwg-item1 bwg-zoom-effect\">            <div class=\"bwg-item2\">              <img decoding=\"async\" class=\"skip-lazy bwg_standart_thumb_img_0 \"                   data-id=\"470\"                   data-width=\"\"                   data-height=\"\"                   data-src=\"http:\/\/fahrrad-familie-outdoor.com\/wp-content\/uploads\/photo-gallery\/imported_from_media_libray\/thumb\/IMG_20180929_162524%20(1).jpg?bwg=1547581354\"                   src=\"http:\/\/fahrrad-familie-outdoor.com\/wp-content\/uploads\/photo-gallery\/imported_from_media_libray\/thumb\/IMG_20180929_162524%20(1).jpg?bwg=1547581354\"                   alt=\"Mit beiden Kindern unterwegs.\"                   title=\"Mit beiden Kindern unterwegs.\" \/>            <\/div>            <div class=\"bwg-zoom-effect-overlay\">              <div class=\"bwg-title1\"><div class=\"bwg-title2\">Mit beiden Kindern unterwegs.<\/div><\/div>                                        <\/div>          <\/div>        <\/div>                        <\/a>              <\/div>            <div class=\"bwg-item\">        <a class=\"bwg-a  bwg_lightbox\"  data-image-id=\"469\" href=\"http:\/\/fahrrad-familie-outdoor.com\/wp-content\/uploads\/photo-gallery\/imported_from_media_libray\/VELO_Berlin_2018.jpg?bwg=1547555981\" data-elementor-open-lightbox=\"no\">                <div class=\"bwg-item0 \">          <div class=\"bwg-item1 bwg-zoom-effect\">            <div class=\"bwg-item2\">              <img decoding=\"async\" class=\"skip-lazy bwg_standart_thumb_img_0 \"                   data-id=\"469\"                   data-width=\"\"                   data-height=\"\"                   data-src=\"http:\/\/fahrrad-familie-outdoor.com\/wp-content\/uploads\/photo-gallery\/imported_from_media_libray\/thumb\/VELO_Berlin_2018.jpg?bwg=1547555981\"                   src=\"http:\/\/fahrrad-familie-outdoor.com\/wp-content\/uploads\/photo-gallery\/imported_from_media_libray\/thumb\/VELO_Berlin_2018.jpg?bwg=1547555981\"                   alt=\"Testfahrt mit dem MK1-E.\"                   title=\"Testfahrt mit dem MK1-E.\" \/>            <\/div>            <div class=\"bwg-zoom-effect-overlay\">              <div class=\"bwg-title1\"><div class=\"bwg-title2\">Testfahrt mit dem MK1-E.<\/div><\/div>                                        <\/div>          <\/div>        <\/div>                        <\/a>              <\/div>          <\/div>    <style>      \/*pagination styles*\/      #bwg_container1_0 #bwg_container2_0 .tablenav-pages_0 {\t\t\t\ttext-align: center;\t\t\t\tfont-size: 12px;\t\t\t\tfont-family: Ubuntu;\t\t\t\tfont-weight: bold;\t\t\t\tcolor: #666666;\t\t\t\tmargin: 6px 0 4px;\t\t\t\tdisplay: block;      }      @media only screen and (max-width : 320px) {      #bwg_container1_0 #bwg_container2_0 .displaying-num_0 {     \t display: none;      }      }      #bwg_container1_0 #bwg_container2_0 .displaying-num_0 {\t\t\t\tfont-size: 12px;\t\t\t\tfont-family: Ubuntu;\t\t\t\tfont-weight: bold;\t\t\t\tcolor: #666666;\t\t\t\tmargin-right: 10px;\t\t\t\tvertical-align: middle;      }      #bwg_container1_0 #bwg_container2_0 .paging-input_0 {\t\t\t\tfont-size: 12px;\t\t\t\tfont-family: Ubuntu;\t\t\t\tfont-weight: bold;\t\t\t\tcolor: #666666;\t\t\t\tvertical-align: middle;      }      #bwg_container1_0 #bwg_container2_0 .tablenav-pages_0 a.disabled,      #bwg_container1_0 #bwg_container2_0 .tablenav-pages_0 a.disabled:hover,      #bwg_container1_0 #bwg_container2_0 .tablenav-pages_0 a.disabled:focus,\t\t\t#bwg_container1_0 #bwg_container2_0 .tablenav-pages_0 input.bwg_current_page {\t\t\t\tcursor: default;\t\t\t\tcolor: rgba(102, 102, 102, 0.5);      }      #bwg_container1_0 #bwg_container2_0 .tablenav-pages_0 a,      #bwg_container1_0 #bwg_container2_0 .tablenav-pages_0 input.bwg_current_page {\t\t\t\tcursor: pointer;\t\t\t\ttext-align: center;\t\t\t\tfont-size: 12px;\t\t\t\tfont-family: Ubuntu;\t\t\t\tfont-weight: bold;\t\t\t\tcolor: #666666;\t\t\t\ttext-decoration: none;\t\t\t\tpadding: 3px 6px;\t\t\t\tmargin: 0;\t\t\t\tborder-radius: 0;\t\t\t\tborder-style: solid;\t\t\t\tborder-width: 1px;\t\t\t\tborder-color: #E3E3E3;\t\t\t\t\t\t\t\tbackground-color: rgba(255, 255, 255, 1.00);\t\t\t\tbox-shadow: 0;\t\t\t\ttransition: all 0.3s ease 0s;-webkit-transition: all 0.3s ease 0s;      }      <\/style>      <span class=\"bwg_nav_cont_0\">              <div class=\"tablenav-pages_0\">                  <\/div>                <input type=\"hidden\" id=\"page_number_0\" name=\"page_number_0\" value=\"1\" \/>      <script type=\"text\/javascript\">        if( jQuery('.bwg_nav_cont_0').length > 1 ) {          jQuery('.bwg_nav_cont_0').first().remove()        }        function spider_page_0(cur, x, y, load_more) {          if (typeof load_more == \"undefined\") {            var load_more = false;          }          if (jQuery(cur).hasClass('disabled')) {            return false;          }          var items_county_0 = 1;          switch (y) {            case 1:              if (x >= items_county_0) {                document.getElementById('page_number_0').value = items_county_0;              }              else {                document.getElementById('page_number_0').value = x + 1;              }              break;            case 2:              document.getElementById('page_number_0').value = items_county_0;              break;            case -1:              if (x == 1) {                document.getElementById('page_number_0').value = 1;              }              else {                document.getElementById('page_number_0').value = x - 1;              }              break;            case -2:              document.getElementById('page_number_0').value = 1;              break;\t\t\t\t\t\tcase 0:              document.getElementById('page_number_0').value = x;              break;            default:              document.getElementById('page_number_0').value = 1;          }          bwg_ajax('gal_front_form_0', '0', 'bwg_thumbnails_0', '0', '', 'gallery', 0, '', '', load_more, '', 1);        }                    jQuery('.first-page-0').on('click', function () {              spider_page_0(this, 1, -2, 'numeric');              return false;            });            jQuery('.prev-page-0').on('click', function () {              spider_page_0(this, 1, -1, 'numeric');              return false;            });            jQuery('.next-page-0').on('click', function () {              spider_page_0(this, 1, 1, 'numeric');              return false;            });            jQuery('.last-page-0').on('click', function () {              spider_page_0(this, 1, 2, 'numeric');              return false;            });        \t\t\t\t\/* Change page on input enter. *\/        function bwg_change_page_0( e, that ) {          if (  e.key == 'Enter' ) {            var to_page = parseInt(jQuery(that).val());            var pages_count = jQuery(that).parents(\".pagination-links\").data(\"pages-count\");            var current_url_param = jQuery(that).attr('data-url-info');            if (to_page > pages_count) {              to_page = 1;            }\t \t\t\t\t\t\t\t\t\t\t\t\tspider_page_0(this, to_page, 0, 'numeric');\t\t\t\t\t\t\treturn false;\t\t\t\t\t\t          }          return true;        }        jQuery('.bwg_load_btn_0').on('click', function () {            spider_page_0(this, 1, 1, true);            return false;        });      <\/script>      <\/span>                <\/div>        <\/form>        <style>          #bwg_container1_0 #bwg_container2_0 #spider_popup_overlay_0 {          background-color: #EEEEEE;          opacity: 0.60;          }          <\/style>        <div id=\"bwg_spider_popup_loading_0\" class=\"bwg_spider_popup_loading\"><\/div>        <div id=\"spider_popup_overlay_0\" class=\"spider_popup_overlay\" onclick=\"spider_destroypopup(1000)\"><\/div>        <input type=\"hidden\" id=\"bwg_random_seed_0\" value=\"424918189\">                <\/div>    <\/div>    <script>      if (document.readyState === 'complete') {        if( typeof bwg_main_ready == 'function' ) {          if ( jQuery(\"#bwg_container1_0\").height() ) {            bwg_main_ready(jQuery(\"#bwg_container1_0\"));          }        }      } else {        document.addEventListener('DOMContentLoaded', function() {          if( typeof bwg_main_ready == 'function' ) {            if ( jQuery(\"#bwg_container1_0\").height() ) {             bwg_main_ready(jQuery(\"#bwg_container1_0\"));            }          }        });      }    <\/script>    \r\n<p>Am Ende waren es minimale Unterschiede, die ausschlaggebend f\u00fcr das Urban Arrow Family waren.<\/p>\r\n<ul>\r\n<li>der <strong>Preis<\/strong><\/li>\r\n<li>die evtl. Anf\u00e4lligkeit der speziellen <strong>Neigetechnik<\/strong> im MK1-E (wohin, falls etwas repariert werden muss?)<\/li>\r\n<li>etwas l\u00e4ngere <strong>Eingew\u00f6hnung<\/strong> beim MK1-E, da die besondere Neigetechnik schon sehr au\u00dfergew\u00f6hnlich ist<\/li>\r\n<li>im Urban Arrow Family ist f\u00fcr unseren vorhandenen <strong>Maxi Cosi<\/strong> Platz UND in den Adaptern ist sogar eine <strong>Federung<\/strong> f\u00fcr diesen integriert<\/li>\r\n<\/ul>\r\n<p>Nach 6 Monaten Fahrspa\u00df k\u00f6nnen wir folgendes zu unserem Urban Arrow Family sagen:<br \/>Es f\u00e4hrt sich weiterhin gro\u00dfartig und wir w\u00fcrden es auf jeden Fall wieder kaufen! \ud83d\ude09 Uns sind lediglich ein paar Punkte aufgefallen.<br \/>Durch das Regenverdeck ist man \u00e4u\u00dferst <strong>windanf\u00e4llig<\/strong> (bei pl\u00f6tzlichen Windb\u00f6hen), was bei 3 R\u00e4dern vielleicht nicht problematisch w\u00e4re. Bei geringen Minustemperaturen fror uns die Gangschaltung ein, trotz Garagenstellplatz (auf einmal konnte man w\u00e4hrend der Fahrt nicht mehr schalten).<\/p>\r\n<p>Das <strong>Fahrvergn\u00fcgen<\/strong> ist auch bei voller Beladung gegeben, selbst im <strong>Regen<\/strong> vergeht einem nicht die Lust am Radeln! Bei der <strong>Schiebehilfe<\/strong> stellen wir uns entweder zu bl\u00f6d an oder sie ist tats\u00e4chlich etwas kompliziert zu bedienen&#8230;.vielleicht geht es anderen Fahrern \u00e4hnlich? Kann es ebenfalls sein, dass es etwas zeitig f\u00fcr <strong>Bremsbelagverschlei\u00df<\/strong> ist (nach 1.500 km)?<\/p>\r\n<p><strong>Fazit<\/strong>: Das Urban Arrow Family ist absolut durchdacht und ersetzt f\u00fcr uns definitiv den \u201eZweitwagen&#8220;.<\/p>\r\n","protected":false},"excerpt":{"rendered":"<p>Falls du demn\u00e4chst vor hast ein Lastenfahrrad zu kaufen, k\u00f6nnen wir dir hier eventuell eine kleine Entscheidungshilfe geben und zumindest einen kurzen Erfahrungsbericht zu unserem Urban Arrow Family bieten. Wenn die Familie w\u00e4chst, stellt man sich so manchen Fragen und Herausforderungen. Auch wir haben uns sehr viele Gedanken gemacht, wie wir unser Leben zu viert [&hellip;]<\/p>\n","protected":false},"author":1,"featured_media":0,"parent":0,"menu_order":0,"comment_status":"closed","ping_status":"closed","template":"","meta":{"_exactmetrics_skip_tracking":false,"_exactmetrics_sitenote_active":false,"_exactmetrics_sitenote_note":"","_exactmetrics_sitenote_category":0,"site-sidebar-layout":"default","site-content-layout":"default","ast-site-content-layout":"","site-content-style":"default","site-sidebar-style":"default","ast-global-header-display":"","ast-banner-title-visibility":"","ast-main-header-display":"","ast-hfb-above-header-display":"","ast-hfb-below-header-display":"","ast-hfb-mobile-header-display":"","site-post-title":"","ast-breadcrumbs-content":"","ast-featured-img":"","footer-sml-layout":"","theme-transparent-header-meta":"default","adv-header-id-meta":"","stick-header-meta":"","header-above-stick-meta":"","header-main-stick-meta":"","header-below-stick-meta":"","astra-migrate-meta-layouts":"default","ast-page-background-enabled":"default","ast-page-background-meta":{"desktop":{"background-color":"","background-image":"","background-repeat":"repeat","background-position":"center center","background-size":"auto","background-attachment":"scroll","background-type":"","background-media":"","overlay-type":"","overlay-color":"","overlay-gradient":""},"tablet":{"background-color":"","background-image":"","background-repeat":"repeat","background-position":"center center","background-size":"auto","background-attachment":"scroll","background-type":"","background-media":"","overlay-type":"","overlay-color":"","overlay-gradient":""},"mobile":{"background-color":"","background-image":"","background-repeat":"repeat","background-position":"center center","background-size":"auto","background-attachment":"scroll","background-type":"","background-media":"","overlay-type":"","overlay-color":"","overlay-gradient":""}},"ast-content-background-meta":{"desktop":{"background-color":"var(--ast-global-color-5)","background-image":"","background-repeat":"repeat","background-position":"center center","background-size":"auto","background-attachment":"scroll","background-type":"","background-media":"","overlay-type":"","overlay-color":"","overlay-gradient":""},"tablet":{"background-color":"var(--ast-global-color-5)","background-image":"","background-repeat":"repeat","background-position":"center center","background-size":"auto","background-attachment":"scroll","background-type":"","background-media":"","overlay-type":"","overlay-color":"","overlay-gradient":""},"mobile":{"background-color":"var(--ast-global-color-5)","background-image":"","background-repeat":"repeat","background-position":"center center","background-size":"auto","background-attachment":"scroll","background-type":"","background-media":"","overlay-type":"","overlay-color":"","overlay-gradient":""}},"ngg_post_thumbnail":0,"footnotes":""},"_links":{"self":[{"href":"http:\/\/fahrrad-familie-outdoor.com\/index.php?rest_route=\/wp\/v2\/pages\/1338"}],"collection":[{"href":"http:\/\/fahrrad-familie-outdoor.com\/index.php?rest_route=\/wp\/v2\/pages"}],"about":[{"href":"http:\/\/fahrrad-familie-outdoor.com\/index.php?rest_route=\/wp\/v2\/types\/page"}],"author":[{"embeddable":true,"href":"http:\/\/fahrrad-familie-outdoor.com\/index.php?rest_route=\/wp\/v2\/users\/1"}],"replies":[{"embeddable":true,"href":"http:\/\/fahrrad-familie-outdoor.com\/index.php?rest_route=%2Fwp%2Fv2%2Fcomments&post=1338"}],"version-history":[{"count":36,"href":"http:\/\/fahrrad-familie-outdoor.com\/index.php?rest_route=\/wp\/v2\/pages\/1338\/revisions"}],"predecessor-version":[{"id":1409,"href":"http:\/\/fahrrad-familie-outdoor.com\/index.php?rest_route=\/wp\/v2\/pages\/1338\/revisions\/1409"}],"wp:attachment":[{"href":"http:\/\/fahrrad-familie-outdoor.com\/index.php?rest_route=%2Fwp%2Fv2%2Fmedia&parent=1338"}],"curies":[{"name":"wp","href":"https:\/\/api.w.org\/{rel}","templated":true}]}}